{"id":14491,"date":"2021-12-09T18:19:33","date_gmt":"2021-12-09T18:19:33","guid":{"rendered":"https:\/\/valoda.twv.lv\/?page_id=14491"},"modified":"2022-02-03T20:17:29","modified_gmt":"2022-02-03T20:17:29","slug":"tai-lieu-hoc-tieng-latvia","status":"publish","type":"page","link":"https:\/\/valoda.twv.lv\/vi\/tai-lieu-hoc-tieng-latvia\/","title":{"rendered":"T\u00e0i li\u1ec7u h\u1ecdc ti\u1ebfng Latvia"},"content":{"rendered":"<section class=\"wpb-content-wrapper\"><h2>T\u00e0i li\u1ec7u luy\u1ec7n thi ch\u00ednh th\u1ee9c<\/h2>\n<p><a href=\"https:\/\/www.visc.gov.lv\/lv\/parbaudes-programma\" target=\"_blank\" rel=\"noopener\">https:\/\/www.visc.gov.lv\/lv\/parbaudes-programma<\/a><\/p>\n<h2>T\u00e0i li\u1ec7u kh\u00e1c<\/h2>\n<ul>\n<li><a href=\"https:\/\/maciunmacies.valoda.lv\/speles\/Laipa\/index.html\" target=\"_blank\" rel=\"noopener\">https:\/\/maciunmacies.valoda.lv\/speles\/Laipa\/index.html<\/a><\/li>\n<li><a href=\"https:\/\/elaipa.lv\/Home\/A1\" target=\"_blank\" rel=\"noopener\">https:\/\/elaipa.lv\/Home\/A1<\/a><\/li>\n<li><a href=\"http:\/\/www.sazinastilts.lv\/language-learning\/language-portfolio\/\" target=\"_blank\" rel=\"noopener\">http:\/\/www.sazinastilts.lv\/language-learning\/language-portfolio\/<\/a><\/li>\n<li><a href=\"https:\/\/valoda.lv\/sagatavoti-visu-valodas-prasmes-limenu-diagnosticejosie-darbi\/\" target=\"_blank\" rel=\"noopener\">https:\/\/valoda.lv\/sagatavoti-visu-valodas-prasmes-limenu-diagnosticejosie-darbi\/<\/a><\/li>\n<li><a href=\"https:\/\/maciunmacies.valoda.lv\/speles\/LVA_Saksim_runat_latviski\/index.html\" target=\"_blank\" rel=\"noopener\">https:\/\/maciunmacies.valoda.lv\/speles\/LVA_Saksim_runat_latviski\/index.html<\/a><\/li>\n<\/ul>\n<div id=\"tdi_1\" class=\"tdc-row\"><div class=\"vc_row tdi_2  wpb_row td-pb-row\" >\n<style scoped>\n\/* custom css - generated by TagDiv Composer *\/\n\n\/* custom css - generated by TagDiv Composer *\/\n.tdi_2,\r\n                .tdi_2 .tdc-columns{\r\n                    min-height: 0;\r\n                }.tdi_2,\r\n\t\t\t\t.tdi_2 .tdc-columns{\r\n\t\t\t\t    display: block;\r\n\t\t\t\t}.tdi_2 .tdc-columns{\r\n\t\t\t\t    width: 100%;\r\n\t\t\t\t}.tdi_2:before,\r\n\t\t\t\t.tdi_2:after{\r\n\t\t\t\t    display: table;\r\n\t\t\t\t}\n<\/style><div class=\"vc_column tdi_4  wpb_column vc_column_container tdc-column td-pb-span12\">\n<style scoped>\n\/* custom css - generated by TagDiv Composer *\/\n\n\/* custom css - generated by TagDiv Composer *\/\n.tdi_4{\r\n                    vertical-align: baseline;\r\n                }.tdi_4 > .wpb_wrapper,\r\n\t\t\t\t.tdi_4 > .wpb_wrapper > .tdc-elements{\r\n\t\t\t\t    display: block;\r\n\t\t\t\t}.tdi_4 > .wpb_wrapper > .tdc-elements{\r\n\t\t\t\t    width: 100%;\r\n\t\t\t\t}.tdi_4 > .wpb_wrapper > .vc_row_inner{\r\n\t\t\t\t    width: auto;\r\n\t\t\t\t}.tdi_4 > .wpb_wrapper{\r\n\t\t\t\t    width: auto;\r\n\t\t\t\t    height: auto;\r\n\t\t\t\t}\n<\/style><div class=\"wpb_wrapper\" >[vc_tta_accordion style=\"modern\" color=\"sky\" spacing=\"3\" gap=\"2\" c_align=\"center\" c_icon=\"triangle\" active_section=\"0\" collapsible_all=\"true\" title=\"Luy\u1ec7n thi A2\"][vc_tta_section title=\"Xem nhanh\" tab_id=\"1639075387579-7ee6bf84-6347\"][vc_column_text]<\/p>\r\n<table style=\"width: 100%; border-collapse: collapse; background-color: #f7f6a3;\">\r\n<tbody>\r\n<tr>\r\n<td style=\"width: 100%;\">\r\n<ul>\r\n<li>L\u00fd thuy\u1ebft : <a href=\"https:\/\/valoda.twv.lv\/vi\/bang-chia-danh-tu\/\">Danh t\u1eeb<\/a> - <a href=\"https:\/\/valoda.twv.lv\/vi\/dong-tu-tieng-latvia\/\">\u0110\u1ed9ng t\u1eeb<\/a> - <a href=\"https:\/\/valoda.twv.lv\/vi\/gioi-tu-tieng-latvia\/\">Gi\u1edbi t\u1eeb<\/a> - T\u00ednh t\u1eeb - <a href=\"https:\/\/valoda.twv.lv\/vi\/bang-chia-dai-tu-tieng-latvia\/\">\u0110\u1ea1i t\u1eeb<\/a> - S\u1ed1 t\u1eeb<\/li>\r\n<li>Luy\u1ec7n Nghe :\u00a0<\/li>\r\n<li><a href=\"https:\/\/valoda.twv.lv\/vi\/luyen-thi-a2-mon-doc\/\">Luy\u1ec7n \u0110\u1ecdc<\/a> :<\/li>\r\n<li>Luy\u1ec7n Vi\u1ebft : <a href=\"https:\/\/valoda.twv.lv\/vi\/luyen-thi-a2-tieng-latvia-anketa\/\">Anketa<\/a> - Chia t\u1eeb - <a href=\"https:\/\/valoda.twv.lv\/vi\/tap-viet-thu\/\">Vi\u1ebft th\u01b0<\/a> \u00a0<\/li>\r\n<li>Luy\u1ec7n N\u00f3i : H\u1ecfi \u0111\u00e1p - <a href=\"https:\/\/valoda.twv.lv\/vi\/luyen-noi-dat-cau-hoi\/\">\u0110\u1eb7t c\u00e2u h\u1ecfi<\/a> - <a href=\"https:\/\/valoda.twv.lv\/vi\/luyen-thi-a2-tieng-latvia-ta-tranh\/\">T\u1ea3 tranh<\/a>\u00a0<\/li>\r\n<li><a href=\"https:\/\/valoda.twv.lv\/vi\/luyen-thi-a2\/\">Luy\u1ec7n thi A2<\/a> - <a href=\"https:\/\/valoda.twv.lv\/vi\/dang-ky-thi-a2\/\">\u0110\u0103ng k\u00fd thi<\/a><\/li>\r\n<li>T\u1eeb \u0111i\u1ec3n: <a href=\"https:\/\/tezaurs.lv\/\" target=\"_blank\" rel=\"noopener\">tezaurs.lv<\/a><\/li>\r\n<\/ul>\r\n<\/td>\r\n<\/tr>\r\n<\/tbody>\r\n<\/table>\r\n<p>[\/vc_column_text][\/vc_tta_section][\/vc_tta_accordion]<\/div><\/div><\/div><\/div>\n<\/section>","protected":false},"excerpt":{"rendered":"<p>T\u00e0i li\u1ec7u luy\u1ec7n thi ch\u00ednh th\u1ee9c https:\/\/www.visc.gov.lv\/lv\/parbaudes-programma T\u00e0i li\u1ec7u kh\u00e1c https:\/\/maciunmacies.valoda.lv\/speles\/Laipa\/index.html https:\/\/elaipa.lv\/Home\/A1 http:\/\/www.sazinastilts.lv\/language-learning\/language-portfolio\/ https:\/\/valoda.lv\/sagatavoti-visu-valodas-prasmes-limenu-diagnosticejosie-darbi\/ https:\/\/maciunmacies.valoda.lv\/speles\/LVA_Saksim_runat_latviski\/index.html<\/p>\n","protected":false},"author":2,"featured_media":0,"parent":0,"menu_order":0,"comment_status":"closed","ping_status":"closed","template":"","meta":{"footnotes":""},"class_list":["post-14491","page","type-page","status-publish"],"amp_enabled":true,"_links":{"self":[{"href":"https:\/\/valoda.twv.lv\/vi\/wp-json\/wp\/v2\/pages\/14491","targetHints":{"allow":["GET"]}}],"collection":[{"href":"https:\/\/valoda.twv.lv\/vi\/wp-json\/wp\/v2\/pages"}],"about":[{"href":"https:\/\/valoda.twv.lv\/vi\/wp-json\/wp\/v2\/types\/page"}],"author":[{"embeddable":true,"href":"https:\/\/valoda.twv.lv\/vi\/wp-json\/wp\/v2\/users\/2"}],"replies":[{"embeddable":true,"href":"https:\/\/valoda.twv.lv\/vi\/wp-json\/wp\/v2\/comments?post=14491"}],"version-history":[{"count":0,"href":"https:\/\/valoda.twv.lv\/vi\/wp-json\/wp\/v2\/pages\/14491\/revisions"}],"wp:attachment":[{"href":"https:\/\/valoda.twv.lv\/vi\/wp-json\/wp\/v2\/media?parent=14491"}],"curies":[{"name":"wp","href":"https:\/\/api.w.org\/{rel}","templated":true}]}}